{"id":197,"date":"2021-07-26T21:22:06","date_gmt":"2021-07-27T01:22:06","guid":{"rendered":"https:\/\/jobs.tutator.net\/benevoles\/"},"modified":"2023-02-01T14:58:11","modified_gmt":"2023-02-01T18:58:11","slug":"benevoles","status":"publish","type":"page","link":"https:\/\/jobs.tutator.net\/fr\/benevoles\/","title":{"rendered":"B\u00e9n\u00e9voles"},"content":{"rendered":"","protected":false},"excerpt":{"rendered":"","protected":false},"author":1,"featured_media":0,"parent":0,"menu_order":0,"comment_status":"closed","ping_status":"closed","template":"volunteers.php","meta":{"_acf_changed":false,"footnotes":""},"class_list":["post-197","page","type-page","status-publish","hentry"],"acf":[],"yoast_head":"<!-- This site is optimized with the Yoast SEO plugin v27.5 - https:\/\/yoast.com\/product\/yoast-seo-wordpress\/ -->\n<title>Tutator Jobs - B\u00e9n\u00e9voles<\/title>\n<meta name=\"description\" content=\"Vous avez du temps libre ? Vous voulez aider ? Nous sommes toujours \u00e0 la recherche de personnes ayant le c\u0153ur \u00e0 la bonne place et d\u00e9sireuses de nous aider. Lisez la suite pour...\" \/>\n<meta name=\"robots\" content=\"index, follow, max-snippet:-1, max-image-preview:large, max-video-preview:-1\" \/>\n<link rel=\"canonical\" href=\"https:\/\/jobs.tutator.net\/fr\/benevoles\/\" \/>\n<meta property=\"og:locale\" content=\"fr_FR\" \/>\n<meta property=\"og:type\" content=\"article\" \/>\n<meta property=\"og:title\" content=\"Tutator Jobs - B\u00e9n\u00e9voles\" \/>\n<meta property=\"og:description\" content=\"Vous avez du temps libre ? Vous voulez aider ? Nous sommes toujours \u00e0 la recherche de personnes ayant le c\u0153ur \u00e0 la bonne place et d\u00e9sireuses de nous aider. Lisez la suite pour...\" \/>\n<meta property=\"og:url\" content=\"https:\/\/jobs.tutator.net\/fr\/benevoles\/\" \/>\n<meta property=\"og:site_name\" content=\"Tutator Jobs\" \/>\n<meta property=\"article:publisher\" content=\"https:\/\/www.facebook.com\/TutatorDevelopment\" \/>\n<meta property=\"article:modified_time\" content=\"2023-02-01T18:58:11+00:00\" \/>\n<meta property=\"og:image\" content=\"https:\/\/jobs.tutator.net\/wp-content\/uploads\/2023\/02\/Logo-Jobs-Vertical2.png\" \/>\n\t<meta property=\"og:image:width\" content=\"118\" \/>\n\t<meta property=\"og:image:height\" content=\"96\" \/>\n\t<meta property=\"og:image:type\" content=\"image\/png\" \/>\n<meta name=\"twitter:card\" content=\"summary_large_image\" \/>\n<meta name=\"twitter:site\" content=\"@tutatordev\" \/>\n<script type=\"application\/ld+json\" class=\"yoast-schema-graph\">{\"@context\":\"https:\\\/\\\/schema.org\",\"@graph\":[{\"@type\":\"WebPage\",\"@id\":\"https:\\\/\\\/jobs.tutator.net\\\/fr\\\/benevoles\\\/\",\"url\":\"https:\\\/\\\/jobs.tutator.net\\\/fr\\\/benevoles\\\/\",\"name\":\"Tutator Jobs - B\u00e9n\u00e9voles\",\"isPartOf\":{\"@id\":\"https:\\\/\\\/jobs.tutator.net\\\/fr\\\/#website\"},\"datePublished\":\"2021-07-27T01:22:06+00:00\",\"dateModified\":\"2023-02-01T18:58:11+00:00\",\"description\":\"Vous avez du temps libre ? Vous voulez aider ? Nous sommes toujours \u00e0 la recherche de personnes ayant le c\u0153ur \u00e0 la bonne place et d\u00e9sireuses de nous aider. Lisez la suite pour...\",\"breadcrumb\":{\"@id\":\"https:\\\/\\\/jobs.tutator.net\\\/fr\\\/benevoles\\\/#breadcrumb\"},\"inLanguage\":\"fr-FR\",\"potentialAction\":[{\"@type\":\"ReadAction\",\"target\":[\"https:\\\/\\\/jobs.tutator.net\\\/fr\\\/benevoles\\\/\"]}]},{\"@type\":\"BreadcrumbList\",\"@id\":\"https:\\\/\\\/jobs.tutator.net\\\/fr\\\/benevoles\\\/#breadcrumb\",\"itemListElement\":[{\"@type\":\"ListItem\",\"position\":1,\"name\":\"Portada\",\"item\":\"https:\\\/\\\/jobs.tutator.net\\\/fr\\\/\"},{\"@type\":\"ListItem\",\"position\":2,\"name\":\"B\u00e9n\u00e9voles\"}]},{\"@type\":\"WebSite\",\"@id\":\"https:\\\/\\\/jobs.tutator.net\\\/fr\\\/#website\",\"url\":\"https:\\\/\\\/jobs.tutator.net\\\/fr\\\/\",\"name\":\"Tutator Jobs\",\"description\":\"We\u00b4re hiring!\",\"publisher\":{\"@id\":\"https:\\\/\\\/jobs.tutator.net\\\/fr\\\/#organization\"},\"potentialAction\":[{\"@type\":\"SearchAction\",\"target\":{\"@type\":\"EntryPoint\",\"urlTemplate\":\"https:\\\/\\\/jobs.tutator.net\\\/fr\\\/?s={search_term_string}\"},\"query-input\":{\"@type\":\"PropertyValueSpecification\",\"valueRequired\":true,\"valueName\":\"search_term_string\"}}],\"inLanguage\":\"fr-FR\"},{\"@type\":\"Organization\",\"@id\":\"https:\\\/\\\/jobs.tutator.net\\\/fr\\\/#organization\",\"name\":\"Tutator\",\"url\":\"https:\\\/\\\/jobs.tutator.net\\\/fr\\\/\",\"logo\":{\"@type\":\"ImageObject\",\"inLanguage\":\"fr-FR\",\"@id\":\"https:\\\/\\\/jobs.tutator.net\\\/fr\\\/#\\\/schema\\\/logo\\\/image\\\/\",\"url\":\"https:\\\/\\\/jobs.tutator.net\\\/wp-content\\\/uploads\\\/2023\\\/02\\\/Logo-Jobs-Vertical2.png\",\"contentUrl\":\"https:\\\/\\\/jobs.tutator.net\\\/wp-content\\\/uploads\\\/2023\\\/02\\\/Logo-Jobs-Vertical2.png\",\"width\":118,\"height\":96,\"caption\":\"Tutator\"},\"image\":{\"@id\":\"https:\\\/\\\/jobs.tutator.net\\\/fr\\\/#\\\/schema\\\/logo\\\/image\\\/\"},\"sameAs\":[\"https:\\\/\\\/www.facebook.com\\\/TutatorDevelopment\",\"https:\\\/\\\/x.com\\\/tutatordev\",\"https:\\\/\\\/www.youtube.com\\\/@tutatorfondation7155\",\"https:\\\/\\\/www.linkedin.com\\\/company\\\/11386464\\\/admin\\\/\",\"https:\\\/\\\/www.instagram.com\\\/fondation.tutator\\\/?hl=es\"]}]}<\/script>\n<!-- \/ Yoast SEO plugin. -->","yoast_head_json":{"title":"Tutator Jobs - B\u00e9n\u00e9voles","description":"Vous avez du temps libre ? Vous voulez aider ? Nous sommes toujours \u00e0 la recherche de personnes ayant le c\u0153ur \u00e0 la bonne place et d\u00e9sireuses de nous aider. Lisez la suite pour...","robots":{"index":"index","follow":"follow","max-snippet":"max-snippet:-1","max-image-preview":"max-image-preview:large","max-video-preview":"max-video-preview:-1"},"canonical":"https:\/\/jobs.tutator.net\/fr\/benevoles\/","og_locale":"fr_FR","og_type":"article","og_title":"Tutator Jobs - B\u00e9n\u00e9voles","og_description":"Vous avez du temps libre ? Vous voulez aider ? Nous sommes toujours \u00e0 la recherche de personnes ayant le c\u0153ur \u00e0 la bonne place et d\u00e9sireuses de nous aider. Lisez la suite pour...","og_url":"https:\/\/jobs.tutator.net\/fr\/benevoles\/","og_site_name":"Tutator Jobs","article_publisher":"https:\/\/www.facebook.com\/TutatorDevelopment","article_modified_time":"2023-02-01T18:58:11+00:00","og_image":[{"width":118,"height":96,"url":"https:\/\/jobs.tutator.net\/wp-content\/uploads\/2023\/02\/Logo-Jobs-Vertical2.png","type":"image\/png"}],"twitter_card":"summary_large_image","twitter_site":"@tutatordev","schema":{"@context":"https:\/\/schema.org","@graph":[{"@type":"WebPage","@id":"https:\/\/jobs.tutator.net\/fr\/benevoles\/","url":"https:\/\/jobs.tutator.net\/fr\/benevoles\/","name":"Tutator Jobs - B\u00e9n\u00e9voles","isPartOf":{"@id":"https:\/\/jobs.tutator.net\/fr\/#website"},"datePublished":"2021-07-27T01:22:06+00:00","dateModified":"2023-02-01T18:58:11+00:00","description":"Vous avez du temps libre ? Vous voulez aider ? Nous sommes toujours \u00e0 la recherche de personnes ayant le c\u0153ur \u00e0 la bonne place et d\u00e9sireuses de nous aider. Lisez la suite pour...","breadcrumb":{"@id":"https:\/\/jobs.tutator.net\/fr\/benevoles\/#breadcrumb"},"inLanguage":"fr-FR","potentialAction":[{"@type":"ReadAction","target":["https:\/\/jobs.tutator.net\/fr\/benevoles\/"]}]},{"@type":"BreadcrumbList","@id":"https:\/\/jobs.tutator.net\/fr\/benevoles\/#breadcrumb","itemListElement":[{"@type":"ListItem","position":1,"name":"Portada","item":"https:\/\/jobs.tutator.net\/fr\/"},{"@type":"ListItem","position":2,"name":"B\u00e9n\u00e9voles"}]},{"@type":"WebSite","@id":"https:\/\/jobs.tutator.net\/fr\/#website","url":"https:\/\/jobs.tutator.net\/fr\/","name":"Tutator Jobs","description":"We\u00b4re hiring!","publisher":{"@id":"https:\/\/jobs.tutator.net\/fr\/#organization"},"potentialAction":[{"@type":"SearchAction","target":{"@type":"EntryPoint","urlTemplate":"https:\/\/jobs.tutator.net\/fr\/?s={search_term_string}"},"query-input":{"@type":"PropertyValueSpecification","valueRequired":true,"valueName":"search_term_string"}}],"inLanguage":"fr-FR"},{"@type":"Organization","@id":"https:\/\/jobs.tutator.net\/fr\/#organization","name":"Tutator","url":"https:\/\/jobs.tutator.net\/fr\/","logo":{"@type":"ImageObject","inLanguage":"fr-FR","@id":"https:\/\/jobs.tutator.net\/fr\/#\/schema\/logo\/image\/","url":"https:\/\/jobs.tutator.net\/wp-content\/uploads\/2023\/02\/Logo-Jobs-Vertical2.png","contentUrl":"https:\/\/jobs.tutator.net\/wp-content\/uploads\/2023\/02\/Logo-Jobs-Vertical2.png","width":118,"height":96,"caption":"Tutator"},"image":{"@id":"https:\/\/jobs.tutator.net\/fr\/#\/schema\/logo\/image\/"},"sameAs":["https:\/\/www.facebook.com\/TutatorDevelopment","https:\/\/x.com\/tutatordev","https:\/\/www.youtube.com\/@tutatorfondation7155","https:\/\/www.linkedin.com\/company\/11386464\/admin\/","https:\/\/www.instagram.com\/fondation.tutator\/?hl=es"]}]}},"publishpress_future_action":{"enabled":false,"date":"2026-05-11 04:41:21","action":"change-status","newStatus":"draft","terms":[],"taxonomy":"translation_priority","extraData":[]},"publishpress_future_workflow_manual_trigger":{"enabledWorkflows":[]},"_links":{"self":[{"href":"https:\/\/jobs.tutator.net\/fr\/wp-json\/wp\/v2\/pages\/197","targetHints":{"allow":["GET"]}}],"collection":[{"href":"https:\/\/jobs.tutator.net\/fr\/wp-json\/wp\/v2\/pages"}],"about":[{"href":"https:\/\/jobs.tutator.net\/fr\/wp-json\/wp\/v2\/types\/page"}],"author":[{"embeddable":true,"href":"https:\/\/jobs.tutator.net\/fr\/wp-json\/wp\/v2\/users\/1"}],"replies":[{"embeddable":true,"href":"https:\/\/jobs.tutator.net\/fr\/wp-json\/wp\/v2\/comments?post=197"}],"version-history":[{"count":0,"href":"https:\/\/jobs.tutator.net\/fr\/wp-json\/wp\/v2\/pages\/197\/revisions"}],"wp:attachment":[{"href":"https:\/\/jobs.tutator.net\/fr\/wp-json\/wp\/v2\/media?parent=197"}],"curies":[{"name":"wp","href":"https:\/\/api.w.org\/{rel}","templated":true}]}}